{"id":2123,"date":"2019-08-16T09:50:58","date_gmt":"2019-08-16T09:50:58","guid":{"rendered":"https:\/\/drum-accessories.com\/home\/"},"modified":"2024-06-28T12:46:04","modified_gmt":"2024-06-28T10:46:04","slug":"home","status":"publish","type":"page","link":"https:\/\/drum-accessories.com\/en\/","title":{"rendered":"Home"},"content":{"rendered":"\n<div class=\"wp-block-cover alignfull has-background-dim-20 has-background-dim is-position-center-center\" style=\"min-height:500px;aspect-ratio:unset;\" data-block-type=\"core\"><span aria-hidden=\"true\" class=\"wp-block-cover__background has-background-dim-20 has-background-dim\" style=\"background-color:#877561\"><\/span><img loading=\"lazy\" decoding=\"async\" width=\"2560\" height=\"1359\" class=\"wp-block-cover__image-background wp-image-12319\" alt=\"\" src=\"https:\/\/drum-accessories.com\/wp-content\/uploads\/2024\/06\/new-shop-scaled.jpg\" data-object-fit=\"cover\" srcset=\"https:\/\/drum-accessories.com\/wp-content\/uploads\/2024\/06\/new-shop-scaled.jpg 2560w, https:\/\/drum-accessories.com\/wp-content\/uploads\/2024\/06\/new-shop-600x318.jpg 600w, https:\/\/drum-accessories.com\/wp-content\/uploads\/2024\/06\/new-shop-1600x849.jpg 1600w, https:\/\/drum-accessories.com\/wp-content\/uploads\/2024\/06\/new-shop-768x408.jpg 768w, https:\/\/drum-accessories.com\/wp-content\/uploads\/2024\/06\/new-shop-1536x815.jpg 1536w, https:\/\/drum-accessories.com\/wp-content\/uploads\/2024\/06\/new-shop-2048x1087.jpg 2048w\" sizes=\"auto, (max-width: 2560px) 100vw, 2560px\" \/><div class=\"wp-block-cover__inner-container is-layout-flow wp-block-cover-is-layout-flow\">\n<h1 class=\"wp-block-heading has-text-align-center has-ast-global-color-5-color has-text-color has-background\" style=\"background-color:#424242b8;padding-top:var(--wp--preset--spacing--20);padding-bottom:var(--wp--preset--spacing--20);font-size:50px\" data-block-type=\"core\"><strong><strong>The proximity shop for drummers<\/strong><\/strong><\/h1>\n\n\n\n<div style=\"height:100px\" aria-hidden=\"true\" class=\"wp-block-spacer\" data-block-type=\"core\"><\/div>\n\n\n\n<div class=\"wp-block-ugb-button ugb-button-wrapper ugb-1939bb5 ugb-main-block\"><style>.ugb-1939bb5 .ugb-button1{background-color:var(--stk-global-color-39051,#ff3a2d)}.ugb-1939bb5 .ugb-button1 .ugb-button--inner,.ugb-1939bb5 .ugb-button1 svg:not(.ugb-custom-icon){color:#ffffff !important}<\/style><div class=\"ugb-inner-block\"><div class=\"ugb-block-content\"><div class=\"ugb-button-container\"><a class=\"ugb-button1 ugb-button ugb-button--size-large\" href=\"https:\/\/drum-accessories.com\/en\/about-us\/\" rel=\"\" title=\"\"><span class=\"ugb-button--inner\">About us<\/span><\/a><\/div><\/div><\/div><\/div>\n<\/div><\/div>\n\n\n\n<p><\/p>\n\n\n\n<div class=\"alignwide wp-block-ugb-image-box ugb-image-box ugb-7ddc5e8 ugb-image-box--v4 ugb-image-box--columns-2 ugb-image-box--design-basic ugb-main-block\"><style>.ugb-7ddc5e8 .ugb-image-box__box{border-radius:16px !important}.ugb-7ddc5e8 .ugb-image-box__item1 .ugb-image-box__image{background-image:url(https:\/\/drum-accessories.com\/wp-content\/uploads\/2019\/08\/5F76E7CD-F28A-4896-869C-4DA0682653D9-450x600.jpeg)}.ugb-7ddc5e8 .ugb-image-box__item2 .ugb-image-box__image{background-image:url(https:\/\/drum-accessories.com\/wp-content\/uploads\/2019\/06\/IMG_5004-600x450.jpg)}.ugb-7ddc5e8 .ugb-image-box__image{background-position:bottom center !important;background-repeat:no-repeat !important;background-size:cover !important}.ugb-7ddc5e8 .ugb-image-box__overlay{background-color:var(--stk-global-color-39051,#ff3a2d) !important}.ugb-7ddc5e8 .ugb-image-box__item:not(:hover) .ugb-image-box__overlay{opacity:0.7 !important}.ugb-7ddc5e8 .ugb-image-box__overlay-hover{background-color:#cf2e2e !important}.ugb-7ddc5e8 .ugb-image-box__item:hover .ugb-image-box__overlay-hover{opacity:0.7 !important}.ugb-7ddc5e8 .ugb-image-box__title{color:#ffffff !important}@media screen and (min-width:768px){.ugb-7ddc5e8.ugb-image-box{margin-top:0px !important;margin-bottom:0px !important;margin-right:0px !important;margin-left:0px !important;padding-top:10% !important;padding-right:15% !important;padding-bottom:10% !important;padding-left:15% !important}}<\/style><div class=\"ugb-inner-block\"><div class=\"ugb-block-content\"><div class=\"ugb-image-box__item ugb-image-box__item1 ugb-image-box__box ugb--shadow-9\"><div class=\"ugb-image-box__box ugb-image-box__image-wrapper\"><div class=\"ugb-image-box__box ugb-image-box__image\" role=\"img\" aria-label=\"Exclusivities\"><\/div><\/div><div class=\"ugb-image-box__box ugb-image-box__overlay\"><\/div><div class=\"ugb-image-box__box ugb-image-box__overlay-hover\"><\/div><div class=\"ugb-image-box__content\"><div class=\"ugb-image-box__header\"><h2 class=\"ugb-image-box__title\">Exclusivities<\/h2><\/div><\/div><a class=\"ugb-image-box__overlay-link\" href=\"https:\/\/drum-accessories.com\/en\/exclusivities\/\" title=\"Exclusivities\" aria-label=\"Exclusivities\"><\/a><\/div><div class=\"ugb-image-box__item ugb-image-box__item2 ugb-image-box__box ugb--shadow-9\"><div class=\"ugb-image-box__box ugb-image-box__image-wrapper\"><div class=\"ugb-image-box__box ugb-image-box__image\" role=\"img\" aria-label=\"Special Offers \/ Occasions\"><\/div><\/div><div class=\"ugb-image-box__box ugb-image-box__overlay\"><\/div><div class=\"ugb-image-box__box ugb-image-box__overlay-hover\"><\/div><div class=\"ugb-image-box__content\"><div class=\"ugb-image-box__header\"><h2 class=\"ugb-image-box__title\">Special Offers \/ Occasions<\/h2><\/div><\/div><a class=\"ugb-image-box__overlay-link\" href=\"https:\/\/drum-accessories.com\/tag-produit\/offres-speciales-occasions\/\" title=\"Special Offers \/ Occasions\" aria-label=\"Special Offers \/ Occasions\"><\/a><\/div><\/div><\/div><\/div>\n\n\n\n<h2 class=\"wp-block-heading has-text-align-center\" data-block-type=\"core\">News<\/h2>\n\n\n\n<div class=\"wp-block-ugb-blog-posts ugb-blog-posts ugb-c37c5f4 ugb-blog-posts--v2 ugb-blog-posts--design-vertical-card ugb-blog-posts--columns-3 ugb-main-block\"><style>.ugb-c37c5f4 .ugb-blog-posts__meta{color:var(--stk-global-color-39051,#ff3a2d) !important}<\/style><div class=\"ugb-inner-block\"><div class=\"ugb-block-content\"><article class=\"ugb-blog-posts__item ugb--shadow-3\"><div class=\"ugb-blog-posts__content\"><div class=\"ugb-blog-posts__category\"><a href=\"https:\/\/drum-accessories.com\/en\/category\/news-en\/\" rel=\"category tag\">News<\/a><\/div><h3 class=\"ugb-blog-posts__title\"><a href=\"https:\/\/drum-accessories.com\/en\/drum-accessories-revient\/\">Drum Accessories revient!<\/a><\/h3><aside class=\"entry-meta ugb-blog-posts__meta\"><span>Edward<\/span><span class=\"ugb-blog-posts__sep\">\u00b7<\/span><time datetime=\"2024-06-28T12:50:13+02:00\" class=\"ugb-blog-posts__date\">28 June 2024<\/time><span class=\"ugb-blog-posts__sep\">\u00b7<\/span><span>0 comments<\/span><\/aside><div class=\"ugb-blog-posts__excerpt\"><p>New space for the shop! We are now partially operational at Vents du Midi, 26 rue des Grottes. We&#8217;re open Fridays from 2.30pm to 6pm, and the rest of the week by appointment. We look forward to seeing you!<\/p>\n<\/div><p class=\"ugb-blog-posts__readmore\"><a href=\"https:\/\/drum-accessories.com\/en\/drum-accessories-revient\/\">Read more &#8230;<\/a><\/p><\/div><\/article><article class=\"ugb-blog-posts__item ugb--shadow-3\"><div class=\"ugb-blog-posts__content\"><div class=\"ugb-blog-posts__category\"><a href=\"https:\/\/drum-accessories.com\/category\/news\/\" rel=\"category tag\">News<\/a><\/div><h3 class=\"ugb-blog-posts__title\"><a href=\"https:\/\/drum-accessories.com\/en\/drum-accessories-revient\/\">Drum Accessories revient!<\/a><\/h3><aside class=\"entry-meta ugb-blog-posts__meta\"><span>Edward<\/span><span class=\"ugb-blog-posts__sep\">\u00b7<\/span><time datetime=\"2024-06-28T12:48:42+02:00\" class=\"ugb-blog-posts__date\">28 June 2024<\/time><span class=\"ugb-blog-posts__sep\">\u00b7<\/span><span>0 comments<\/span><\/aside><div class=\"ugb-blog-posts__excerpt\"><p>Nouvel espace pour le magasin!! Nous sommes maintenant op\u00e9rationnel de fa\u00e7on partiel au Vents du Midi, 26 rue des Grottes. Une permanence est ouverte les vendredis de 14h30 \u00e0 18h, le reste de la semaine sur rendez-vous. Nous nous r\u00e9jouissons de vous retrouvez!<\/p>\n<\/div><p class=\"ugb-blog-posts__readmore\"><a href=\"https:\/\/drum-accessories.com\/en\/drum-accessories-revient\/\">Read more &#8230;<\/a><\/p><\/div><\/article><article class=\"ugb-blog-posts__item ugb--shadow-3\"><div class=\"ugb-blog-posts__content\"><div class=\"ugb-blog-posts__category\"><a href=\"https:\/\/drum-accessories.com\/en\/category\/news-en\/\" rel=\"category tag\">News<\/a><\/div><h3 class=\"ugb-blog-posts__title\"><a href=\"https:\/\/drum-accessories.com\/en\/definitive-closure\/\">Definitive closure<\/a><\/h3><aside class=\"entry-meta ugb-blog-posts__meta\"><span>Edward<\/span><span class=\"ugb-blog-posts__sep\">\u00b7<\/span><time datetime=\"2024-01-12T14:45:31+01:00\" class=\"ugb-blog-posts__date\">12 January 2024<\/time><span class=\"ugb-blog-posts__sep\">\u00b7<\/span><span>0 comments<\/span><\/aside><div class=\"ugb-blog-posts__excerpt\"><p>Dear friends, These few lines are to announce that Drum Accessories will have to leave its premises at the end of March. Negotiations with the owners have broken down, and I&#8217;m forced to leave. Once I&#8217;ve handed back the keys, I&#8217;m going to take a big break and find a fallback solution for the equipment&#8230;<\/div><p class=\"ugb-blog-posts__readmore\"><a href=\"https:\/\/drum-accessories.com\/en\/definitive-closure\/\">Read more &#8230;<\/a><\/p><\/div><\/article><\/div><\/div><\/div>\n\n\n\n<p><\/p>\n","protected":false},"excerpt":{"rendered":"<p>Exclusivities Special Offers \/ Occasions News News Drum Accessories revient! Edward\u00b728 June 2024\u00b70 comments New space for the shop! We are now partially operational at Vents du Midi, 26 rue des Grottes. We&#8217;re open Fridays from 2.30pm to 6pm, and the rest of the week by appointment. We look forward to seeing you! Read more [&hellip;]<\/p>\n","protected":false},"author":1027,"featured_media":0,"parent":0,"menu_order":0,"comment_status":"closed","ping_status":"open","template":"","meta":{"_uag_custom_page_level_css":"","site-sidebar-layout":"no-sidebar","site-content-layout":"plain-container","ast-site-content-layout":"normal-width-container","site-content-style":"unboxed","site-sidebar-style":"unboxed","ast-global-header-display":"","ast-banner-title-visibility":"","ast-main-header-display":"","ast-hfb-above-header-display":"","ast-hfb-below-header-display":"","ast-hfb-mobile-header-display":"","site-post-title":"disabled","ast-breadcrumbs-content":"","ast-featured-img":"disabled","footer-sml-layout":"","ast-disable-related-posts":"","theme-transparent-header-meta":"default","adv-header-id-meta":"","stick-header-meta":"default","header-above-stick-meta":"","header-main-stick-meta":"","header-below-stick-meta":"","astra-migrate-meta-layouts":"set","ast-page-background-enabled":"default","ast-page-background-meta":{"desktop":{"background-color":"","background-image":"","background-repeat":"repeat","background-position":"center center","background-size":"auto","background-attachment":"scroll","background-type":"","background-media":"","overlay-type":"","overlay-color":"","overlay-opacity":"","overlay-gradient":""},"tablet":{"background-color":"","background-image":"","background-repeat":"repeat","background-position":"center center","background-size":"auto","background-attachment":"scroll","background-type":"","background-media":"","overlay-type":"","overlay-color":"","overlay-opacity":"","overlay-gradient":""},"mobile":{"background-color":"","background-image":"","background-repeat":"repeat","background-position":"center center","background-size":"auto","background-attachment":"scroll","background-type":"","background-media":"","overlay-type":"","overlay-color":"","overlay-opacity":"","overlay-gradient":""}},"ast-content-background-meta":{"desktop":{"background-color":"var(--ast-global-color-5)","background-image":"","background-repeat":"repeat","background-position":"center center","background-size":"auto","background-attachment":"scroll","background-type":"","background-media":"","overlay-type":"","overlay-color":"","overlay-opacity":"","overlay-gradient":""},"tablet":{"background-color":"var(--ast-global-color-5)","background-image":"","background-repeat":"repeat","background-position":"center center","background-size":"auto","background-attachment":"scroll","background-type":"","background-media":"","overlay-type":"","overlay-color":"","overlay-opacity":"","overlay-gradient":""},"mobile":{"background-color":"var(--ast-global-color-5)","background-image":"","background-repeat":"repeat","background-position":"center center","background-size":"auto","background-attachment":"scroll","background-type":"","background-media":"","overlay-type":"","overlay-color":"","overlay-opacity":"","overlay-gradient":""}},"footnotes":""},"class_list":["post-2123","page","type-page","status-publish","hentry"],"featured_image_urls_v2":{"full":"","thumbnail":"","medium":"","medium_large":"","large":"","1536x1536":"","2048x2048":"","woocommerce_thumbnail":"","woocommerce_single":"","woocommerce_gallery_thumbnail":""},"post_excerpt_stackable_v2":"<p>The proximity shop for drummers About us ExclusivitiesSpecial Offers \/ Occasions News NewsDrum Accessories revient!Edward\u00b728 June 2024\u00b70 commentsNew space for the shop! We are now partially operational at Vents du Midi, 26 rue des Grottes. We&#8217;re open Fridays from 2.30pm to 6pm, and the rest of the week by appointment. We look forward to seeing you! Read more &#8230;NewsDrum Accessories revient!Edward\u00b728 June 2024\u00b70 commentsNouvel espace pour le magasin!! Nous sommes maintenant op\u00e9rationnel de fa\u00e7on partiel au Vents du Midi, 26 rue des Grottes. Une permanence est ouverte les vendredis de 14h30 \u00e0 18h, le reste de la semaine sur rendez-vous.&hellip;<\/p>\n","category_list_v2":"","author_info_v2":{"name":"Edward","url":"https:\/\/drum-accessories.com\/en\/author\/edward\/"},"comments_num_v2":"0 comments","spectra_custom_meta":{"_wpml_word_count":["{\"total\":0,\"to_translate\":{\"en\":2,\"fr\":2}}"],"_wpml_media_duplicate":["1"],"_wpml_media_featured":["0"],"_top_nav_excluded":[""],"_cms_nav_minihome":[""],"_wp_page_template":["default"],"_last_translation_edit_mode":["native-editor"],"musicplace_post_views_count":["1311"],"_edit_lock":["1719571567:1027"],"_edit_last":["1027"],"slide_template":["default"],"eg_sources_html5_mp4":[""],"eg_sources_html5_ogv":[""],"eg_sources_html5_webm":[""],"eg_sources_youtube":[""],"eg_sources_vimeo":[""],"eg_sources_wistia":[""],"eg_sources_image":[""],"eg_sources_iframe":[""],"eg_sources_soundcloud":[""],"eg_vimeo_ratio":["1"],"eg_youtube_ratio":["1"],"eg_wistia_ratio":["1"],"eg_html5_ratio":["1"],"eg_soundcloud_ratio":["1"],"eg_sources_revslider":[""],"eg_sources_essgrid":[""],"eg_featured_grid":[""],"eg_settings_custom_meta_skin":[""],"eg_settings_custom_meta_element":[""],"eg_settings_custom_meta_setting":[""],"eg_settings_custom_meta_style":[""],"eg_custom_meta_216":["true"],"eg_votes_count":["0"],"eg-pricetable-price":[""],"eg-pricetable-line1":[""],"eg-pricetable-line2":[""],"eg-pricetable-line3":[""],"eg-pricetable-line4":[""],"eg-pricetable-buy-url":[""],"eg-demogrid-link":[""],"eg-clients-icon":[""],"eg-clients-icon-dark":[""],"musicplace_post_options":["a:92:{s:10:\"body_style\";s:7:\"inherit\";s:13:\"body_paddings\";s:7:\"inherit\";s:11:\"body_scheme\";s:7:\"inherit\";s:11:\"body_filled\";s:7:\"inherit\";s:9:\"bg_custom\";s:7:\"inherit\";s:8:\"bg_color\";s:7:\"inherit\";s:10:\"bg_pattern\";s:7:\"inherit\";s:17:\"bg_pattern_custom\";s:7:\"inherit\";s:8:\"bg_image\";s:7:\"inherit\";s:15:\"bg_image_custom\";s:7:\"inherit\";s:24:\"bg_image_custom_position\";s:7:\"inherit\";s:13:\"bg_image_load\";s:7:\"inherit\";s:15:\"top_panel_style\";s:8:\"header_5\";s:15:\"top_panel_image\";s:7:\"inherit\";s:18:\"top_panel_position\";s:7:\"inherit\";s:16:\"top_panel_scheme\";s:7:\"inherit\";s:18:\"pushy_panel_scheme\";s:7:\"inherit\";s:15:\"show_page_title\";s:7:\"inherit\";s:16:\"show_breadcrumbs\";s:7:\"inherit\";s:9:\"menu_main\";s:7:\"inherit\";s:18:\"show_top_panel_top\";s:7:\"inherit\";s:8:\"menu_toc\";s:7:\"inherit\";s:13:\"menu_toc_home\";s:7:\"inherit\";s:12:\"menu_toc_top\";s:7:\"inherit\";s:4:\"logo\";s:7:\"inherit\";s:11:\"logo_retina\";s:7:\"inherit\";s:10:\"logo_fixed\";s:7:\"inherit\";s:9:\"logo_text\";s:7:\"inherit\";s:11:\"logo_height\";s:7:\"inherit\";s:11:\"logo_offset\";s:7:\"inherit\";s:11:\"show_slider\";s:3:\"yes\";s:14:\"slider_display\";s:8:\"fullwide\";s:13:\"slider_height\";s:7:\"inherit\";s:13:\"slider_engine\";s:4:\"revo\";s:12:\"slider_alias\";s:6:\"home-2\";s:19:\"slider_over_content\";s:7:\"inherit\";s:18:\"slider_over_scheme\";s:7:\"inherit\";s:15:\"slider_category\";s:7:\"inherit\";s:12:\"slider_posts\";s:7:\"inherit\";s:14:\"slider_orderby\";s:7:\"inherit\";s:12:\"slider_order\";s:7:\"inherit\";s:15:\"slider_interval\";s:7:\"inherit\";s:17:\"slider_pagination\";s:7:\"inherit\";s:14:\"slider_infobox\";s:7:\"inherit\";s:20:\"slider_info_category\";s:7:\"inherit\";s:19:\"slider_info_reviews\";s:7:\"inherit\";s:24:\"slider_info_descriptions\";s:7:\"inherit\";s:17:\"show_sidebar_main\";s:7:\"inherit\";s:19:\"sidebar_main_scheme\";s:7:\"inherit\";s:12:\"sidebar_main\";s:7:\"inherit\";s:19:\"show_sidebar_footer\";s:7:\"inherit\";s:21:\"sidebar_footer_scheme\";s:7:\"inherit\";s:14:\"sidebar_footer\";s:7:\"inherit\";s:22:\"sidebar_footer_columns\";s:7:\"inherit\";s:24:\"show_copyright_in_footer\";s:7:\"inherit\";s:16:\"copyright_scheme\";s:7:\"inherit\";s:11:\"menu_footer\";s:7:\"inherit\";s:16:\"footer_copyright\";s:7:\"inherit\";s:11:\"custom_code\";s:7:\"inherit\";s:10:\"custom_css\";s:7:\"inherit\";s:10:\"blog_style\";s:7:\"inherit\";s:11:\"hover_style\";s:7:\"inherit\";s:9:\"hover_dir\";s:7:\"inherit\";s:13:\"article_style\";s:7:\"inherit\";s:18:\"dedicated_location\";s:7:\"inherit\";s:12:\"show_filters\";s:7:\"inherit\";s:9:\"blog_sort\";s:7:\"inherit\";s:10:\"blog_order\";s:7:\"inherit\";s:14:\"posts_per_page\";s:7:\"inherit\";s:22:\"post_excerpt_maxlength\";s:7:\"inherit\";s:30:\"post_excerpt_maxlength_masonry\";s:7:\"inherit\";s:12:\"single_style\";s:7:\"inherit\";s:4:\"icon\";s:7:\"inherit\";s:16:\"alter_thumb_size\";s:7:\"inherit\";s:19:\"show_featured_image\";s:7:\"inherit\";s:15:\"show_post_title\";s:7:\"inherit\";s:25:\"show_post_title_on_quotes\";s:7:\"inherit\";s:14:\"show_post_info\";s:7:\"inherit\";s:16:\"show_post_author\";s:7:\"inherit\";s:14:\"show_post_tags\";s:7:\"inherit\";s:15:\"blog_pagination\";s:7:\"inherit\";s:13:\"blog_counters\";s:7:\"inherit\";s:14:\"close_category\";s:7:\"inherit\";s:15:\"show_date_after\";s:7:\"inherit\";s:18:\"substitute_gallery\";s:7:\"inherit\";s:21:\"gallery_instead_image\";s:7:\"inherit\";s:18:\"gallery_max_slides\";s:7:\"inherit\";s:16:\"substitute_audio\";s:7:\"inherit\";s:16:\"substitute_video\";s:7:\"inherit\";s:10:\"show_share\";s:7:\"inherit\";s:19:\"show_share_counters\";s:7:\"inherit\";s:13:\"share_caption\";s:7:\"inherit\";}"],"_wpb_vc_js_status":["true"],"_yoast_wpseo_metadesc":["Musical instrument store in Geneva. The proximity shop for drummers in Geneva, CH."],"_wpml_media_has_media":["1"],"_yoast_wpseo_title":["%%sitename%%"],"site-post-title":["disabled"],"site-sidebar-layout":["no-sidebar"],"site-content-layout":["plain-container"],"ast-featured-img":["disabled"],"theme-transparent-header-meta":["default"],"_astra_content_layout_flag":["disabled"],"ast-title-bar-display":["disabled"],"stick-header-meta":["default"],"_views_template":["0"],"_wds_opengraph":["a:1:{s:6:\"images\";a:1:{i:0;s:0:\"\";}}"],"_wds_twitter":["a:1:{s:6:\"images\";a:1:{i:0;s:0:\"\";}}"],"_wds_focus-keywords":[""],"_wds_title":["%%sitename%%"],"_wds_metadesc":["Musical instrument store in Geneva. The proximity shop for drummers in Geneva, CH."],"_wds_meta-robots-adv":[","],"_wds_meta-robots-nofollow":[""],"_wds_meta-robots-noindex":[""],"adv-header-id-meta":[""],"footnotes":[""],"stackable_optimized_css":[""],"stackable_optimized_css_raw":["a:0:{}"],"_uag_custom_page_level_css":[""],"ast-site-content-layout":["normal-width-container"],"site-content-style":["unboxed"],"site-sidebar-style":["unboxed"],"astra-migrate-meta-layouts":["set"],"_uag_page_assets":["a:9:{s:3:\"css\";s:0:\"\";s:2:\"js\";s:0:\"\";s:18:\"current_block_list\";a:7:{i:0;s:10:\"core\/cover\";i:1;s:12:\"core\/heading\";i:2;s:11:\"core\/spacer\";i:3;s:10:\"ugb\/button\";i:4;s:14:\"core\/paragraph\";i:5;s:13:\"ugb\/image-box\";i:6;s:14:\"ugb\/blog-posts\";}s:8:\"uag_flag\";b:0;s:11:\"uag_version\";s:10:\"1776531015\";s:6:\"gfonts\";a:0:{}s:10:\"gfonts_url\";s:0:\"\";s:12:\"gfonts_files\";a:0:{}s:14:\"uag_faq_layout\";b:0;}"]},"uagb_featured_image_src":{"full":false,"thumbnail":false,"medium":false,"medium_large":false,"large":false,"1536x1536":false,"2048x2048":false,"woocommerce_thumbnail":false,"woocommerce_single":false,"woocommerce_gallery_thumbnail":false},"uagb_author_info":{"display_name":"Edward","author_link":"https:\/\/drum-accessories.com\/en\/author\/edward\/"},"uagb_comment_info":0,"uagb_excerpt":"Exclusivities Special Offers \/ Occasions News News Drum Accessories revient! Edward\u00b728 June 2024\u00b70 comments New space for the shop! We are now partially operational at Vents du Midi, 26 rue des Grottes. We&#8217;re open Fridays from 2.30pm to 6pm, and the rest of the week by appointment. We look forward to seeing you! Read more&hellip;","_links":{"self":[{"href":"https:\/\/drum-accessories.com\/en\/wp-json\/wp\/v2\/pages\/2123","targetHints":{"allow":["GET"]}}],"collection":[{"href":"https:\/\/drum-accessories.com\/en\/wp-json\/wp\/v2\/pages"}],"about":[{"href":"https:\/\/drum-accessories.com\/en\/wp-json\/wp\/v2\/types\/page"}],"author":[{"embeddable":true,"href":"https:\/\/drum-accessories.com\/en\/wp-json\/wp\/v2\/users\/1027"}],"replies":[{"embeddable":true,"href":"https:\/\/drum-accessories.com\/en\/wp-json\/wp\/v2\/comments?post=2123"}],"version-history":[{"count":17,"href":"https:\/\/drum-accessories.com\/en\/wp-json\/wp\/v2\/pages\/2123\/revisions"}],"predecessor-version":[{"id":12322,"href":"https:\/\/drum-accessories.com\/en\/wp-json\/wp\/v2\/pages\/2123\/revisions\/12322"}],"wp:attachment":[{"href":"https:\/\/drum-accessories.com\/en\/wp-json\/wp\/v2\/media?parent=2123"}],"curies":[{"name":"wp","href":"https:\/\/api.w.org\/{rel}","templated":true}]}}