{"id":12081,"date":"2022-02-09T16:51:01","date_gmt":"2022-02-09T15:51:01","guid":{"rendered":"https:\/\/drum-accessories.com\/?post_type=product&#038;p=12081"},"modified":"2022-11-22T12:27:58","modified_gmt":"2022-11-22T11:27:58","slug":"asba-simone-studio-pocket-bass-drum","status":"publish","type":"product","link":"https:\/\/drum-accessories.com\/en\/produit\/asba-simone-studio-pocket-bass-drum\/","title":{"rendered":"ASBA &#8211; Simone Studio Pocket &#8211; Bass Drum"},"content":{"rendered":"<p>ASBA &#8211; Simone Studio Pocket &#8211;  Bass Drum<\/p>\n<p>Une grosse caisse toute petite qui sonne comme une grande? Concert de pr\u00e9vu entre deux tables de bistrot? Aucun soucis, ASBA a trouv\u00e9 la solution! Bas\u00e9e sur le mod\u00e8le de sa grande soeur Simone Studio avec son rev\u00eatement tolex (rev\u00eatement des amplis guitare), cette grosse caisse est une bombe: Tr\u00e8s l\u00e9g\u00e8re, tr\u00e8s stable, ultra r\u00e9sistante et compacte, elle poss\u00e8de tous les crit\u00e8res pour voyager l\u00e9ger&#8230;.mais avec un son de dingue gr\u00e2ce \u00e0 son f\u00fbts tout \u00e9rable. Equip\u00e9 en plus d&#8217;une poign\u00e9e de transport tr\u00e8s pratique, voil\u00e0 la grosse caisse id\u00e9ale pour optimiser son espace sans perdre en qualit\u00e9 sonore!<\/p>\n<p>Sp\u00e9cifications:<\/p>\n<p>20&#8243;x5,5&#8243; BD<br \/>\n6 ply all american maple<br \/>\nChrome black metal hoops<br \/>\nTolex finish<br \/>\nBearing edges 45\u00b0<br \/>\nPlastic handle with metal lining<\/p>\n","protected":false},"excerpt":{"rendered":"<p>ASBA &#8211; Simone Studio Pocket &#8211; Bass Drum Une grosse caisse toute petite qui sonne comme une grande? Concert de pr\u00e9vu entre deux tables de bistrot? Aucun soucis, ASBA a trouv\u00e9 la solution! Bas\u00e9e sur le mod\u00e8le de sa grande soeur Simone Studio avec son rev\u00eatement tolex (rev\u00eatement des amplis guitare), cette grosse caisse est [&hellip;]<\/p>\n","protected":false},"featured_media":12082,"template":"","meta":{"_uag_custom_page_level_css":"","site-sidebar-layout":"default","site-content-layout":"default","ast-site-content-layout":"default","site-content-style":"default","site-sidebar-style":"default","ast-global-header-display":"","ast-banner-title-visibility":"","ast-main-header-display":"","ast-hfb-above-header-display":"","ast-hfb-below-header-display":"","ast-hfb-mobile-header-display":"","site-post-title":"","ast-breadcrumbs-content":"","ast-featured-img":"","footer-sml-layout":"","ast-disable-related-posts":"","theme-transparent-header-meta":"default","adv-header-id-meta":"","stick-header-meta":"default","header-above-stick-meta":"","header-main-stick-meta":"","header-below-stick-meta":"","astra-migrate-meta-layouts":"default","ast-page-background-enabled":"default","ast-page-background-meta":{"desktop":{"background-color":"","background-image":"","background-repeat":"repeat","background-position":"center center","background-size":"auto","background-attachment":"scroll","background-type":"","background-media":"","overlay-type":"","overlay-color":"","overlay-opacity":"","overlay-gradient":""},"tablet":{"background-color":"","background-image":"","background-repeat":"repeat","background-position":"center center","background-size":"auto","background-attachment":"scroll","background-type":"","background-media":"","overlay-type":"","overlay-color":"","overlay-opacity":"","overlay-gradient":""},"mobile":{"background-color":"","background-image":"","background-repeat":"repeat","background-position":"center center","background-size":"auto","background-attachment":"scroll","background-type":"","background-media":"","overlay-type":"","overlay-color":"","overlay-opacity":"","overlay-gradient":""}},"ast-content-background-meta":{"desktop":{"background-color":"var(--ast-global-color-5)","background-image":"","background-repeat":"repeat","background-position":"center center","background-size":"auto","background-attachment":"scroll","background-type":"","background-media":"","overlay-type":"","overlay-color":"","overlay-opacity":"","overlay-gradient":""},"tablet":{"background-color":"var(--ast-global-color-5)","background-image":"","background-repeat":"repeat","background-position":"center center","background-size":"auto","background-attachment":"scroll","background-type":"","background-media":"","overlay-type":"","overlay-color":"","overlay-opacity":"","overlay-gradient":""},"mobile":{"background-color":"var(--ast-global-color-5)","background-image":"","background-repeat":"repeat","background-position":"center center","background-size":"auto","background-attachment":"scroll","background-type":"","background-media":"","overlay-type":"","overlay-color":"","overlay-opacity":"","overlay-gradient":""}}},"product_brand":[],"product_cat":[193,121],"product_tag":[],"product_brands":[],"class_list":{"0":"post-12081","1":"product","2":"type-product","3":"status-publish","4":"has-post-thumbnail","6":"product_cat-asba","7":"product_cat-batteries","8":"desktop-align-left","9":"tablet-align-left","10":"mobile-align-left","11":"ast-product-gallery-layout-horizontal-slider","12":"ast-product-tabs-layout-horizontal","14":"first","15":"outofstock","16":"sale","17":"shipping-taxable","18":"purchasable","19":"product-type-simple"},"featured_image_urls_v2":{"full":["https:\/\/drum-accessories.com\/wp-content\/uploads\/2022\/02\/Asba-pocket-2-scaled.jpg",1920,2560,false],"thumbnail":["https:\/\/drum-accessories.com\/wp-content\/uploads\/2022\/02\/Asba-pocket-2-150x150.jpg",150,150,true],"medium":["https:\/\/drum-accessories.com\/wp-content\/uploads\/2022\/02\/Asba-pocket-2-450x600.jpg",450,600,true],"medium_large":["https:\/\/drum-accessories.com\/wp-content\/uploads\/2022\/02\/Asba-pocket-2-768x1024.jpg",768,1024,true],"large":["https:\/\/drum-accessories.com\/wp-content\/uploads\/2022\/02\/Asba-pocket-2-1200x1600.jpg",1200,1600,true],"1536x1536":["https:\/\/drum-accessories.com\/wp-content\/uploads\/2022\/02\/Asba-pocket-2-1152x1536.jpg",1152,1536,true],"2048x2048":["https:\/\/drum-accessories.com\/wp-content\/uploads\/2022\/02\/Asba-pocket-2-1536x2048.jpg",1536,2048,true],"woocommerce_thumbnail":["https:\/\/drum-accessories.com\/wp-content\/uploads\/2022\/02\/Asba-pocket-2-300x400.jpg",300,400,true],"woocommerce_single":["https:\/\/drum-accessories.com\/wp-content\/uploads\/2022\/02\/Asba-pocket-2-465x465.jpg",465,465,true],"woocommerce_gallery_thumbnail":["https:\/\/drum-accessories.com\/wp-content\/uploads\/2022\/02\/Asba-pocket-2-100x100.jpg",100,100,true]},"post_excerpt_stackable_v2":"<p>ASBA &#8211; Simone Studio Pocket &#8211; Bass Drum Une grosse caisse toute petite qui sonne comme une grande? Concert de pr\u00e9vu entre deux tables de bistrot? Aucun soucis, ASBA a trouv\u00e9 la solution! Bas\u00e9e sur le mod\u00e8le de sa grande soeur Simone Studio avec son rev\u00eatement tolex (rev\u00eatement des amplis guitare), cette grosse caisse est une bombe: Tr\u00e8s l\u00e9g\u00e8re, tr\u00e8s stable, ultra r\u00e9sistante et compacte, elle poss\u00e8de tous les crit\u00e8res pour voyager l\u00e9ger&#8230;.mais avec un son de dingue gr\u00e2ce \u00e0 son f\u00fbts tout \u00e9rable. Equip\u00e9 en plus d&#8217;une poign\u00e9e de transport tr\u00e8s pratique, voil\u00e0 la grosse caisse id\u00e9ale pour optimiser&hellip;<\/p>\n","category_list_v2":"","author_info_v2":{"name":"","url":""},"comments_num_v2":"0 comments","spectra_custom_meta":{"_wpv_contains_gutenberg_views":[""],"_wpml_word_count":["{\"total\":143,\"to_translate\":{\"en\":143}}"],"_edit_lock":["1669124485:1027"],"_edit_last":["1027"],"_wpml_media_featured":["1"],"_wpml_media_duplicate":["1"],"_wpml_location_migration_done":["1"],"_wpml_media_has_media":["1"],"_thumbnail_id":["12082"],"_regular_price":["480"],"_sale_price":["425"],"total_sales":["0"],"_tax_status":["taxable"],"_tax_class":[""],"_manage_stock":["no"],"_backorders":["no"],"_sold_individually":["no"],"_virtual":["no"],"_downloadable":["no"],"_download_limit":["-1"],"_download_expiry":["-1"],"_stock":[null],"_stock_status":["outofstock"],"_wc_average_rating":[0],"_wc_review_count":["0"],"_product_version":["7.1.0"],"_price":["425"],"_product_image_gallery":["12084,12086"],"_wds_meta-robots-adv":[","],"_wds_meta-robots-nofollow":[""],"_wds_meta-robots-noindex":[""],"_wds_trimmed_excerpt":["ASBA - Simone Studio Pocket - Bass Drum Une grosse caisse toute petite qui sonne comme une grande? Concert de pr\u00e9vu entre deux tables de bistrot? Aucun soucis, ASBA a trouv\u00e9 la solution! Bas\u00e9e sur le mod\u00e8le de sa grande soeur Simone Studio avec son rev\u00eatement tolex (rev\u00eatement des amplis guitare ..."],"site-sidebar-layout":["default"],"site-content-layout":["default"],"views_woo_price":["425"],"_wpml_post_translation_editor_native":["no"],"_wcml_average_rating":[null],"_wcml_review_count":[null],"stackable_optimized_css":[""],"stackable_optimized_css_raw":["a:0:{}"],"theme-transparent-header-meta":["default"],"stick-header-meta":["default"],"_wcml_rating_count":[null],"_uag_page_assets":["a:9:{s:3:\"css\";s:0:\"\";s:2:\"js\";s:0:\"\";s:18:\"current_block_list\";a:0:{}s:8:\"uag_flag\";b:0;s:11:\"uag_version\";s:10:\"1775001372\";s:6:\"gfonts\";a:0:{}s:10:\"gfonts_url\";s:0:\"\";s:12:\"gfonts_files\";a:0:{}s:14:\"uag_faq_layout\";b:0;}"],"_wc_rating_count":[""]},"uagb_featured_image_src":{"full":["https:\/\/drum-accessories.com\/wp-content\/uploads\/2022\/02\/Asba-pocket-2-scaled.jpg",1920,2560,false],"thumbnail":["https:\/\/drum-accessories.com\/wp-content\/uploads\/2022\/02\/Asba-pocket-2-150x150.jpg",150,150,true],"medium":["https:\/\/drum-accessories.com\/wp-content\/uploads\/2022\/02\/Asba-pocket-2-450x600.jpg",450,600,true],"medium_large":["https:\/\/drum-accessories.com\/wp-content\/uploads\/2022\/02\/Asba-pocket-2-768x1024.jpg",768,1024,true],"large":["https:\/\/drum-accessories.com\/wp-content\/uploads\/2022\/02\/Asba-pocket-2-1200x1600.jpg",1200,1600,true],"1536x1536":["https:\/\/drum-accessories.com\/wp-content\/uploads\/2022\/02\/Asba-pocket-2-1152x1536.jpg",1152,1536,true],"2048x2048":["https:\/\/drum-accessories.com\/wp-content\/uploads\/2022\/02\/Asba-pocket-2-1536x2048.jpg",1536,2048,true],"woocommerce_thumbnail":["https:\/\/drum-accessories.com\/wp-content\/uploads\/2022\/02\/Asba-pocket-2-300x400.jpg",300,400,true],"woocommerce_single":["https:\/\/drum-accessories.com\/wp-content\/uploads\/2022\/02\/Asba-pocket-2-465x465.jpg",465,465,true],"woocommerce_gallery_thumbnail":["https:\/\/drum-accessories.com\/wp-content\/uploads\/2022\/02\/Asba-pocket-2-100x100.jpg",100,100,true]},"uagb_author_info":{"display_name":"Edward","author_link":"https:\/\/drum-accessories.com\/en\/author\/"},"uagb_comment_info":0,"uagb_excerpt":"ASBA &#8211; Simone Studio Pocket &#8211; Bass Drum Une grosse caisse toute petite qui sonne comme une grande? Concert de pr\u00e9vu entre deux tables de bistrot? Aucun soucis, ASBA a trouv\u00e9 la solution! Bas\u00e9e sur le mod\u00e8le de sa grande soeur Simone Studio avec son rev\u00eatement tolex (rev\u00eatement des amplis guitare), cette grosse caisse est&hellip;","_links":{"self":[{"href":"https:\/\/drum-accessories.com\/en\/wp-json\/wp\/v2\/product\/12081","targetHints":{"allow":["GET"]}}],"collection":[{"href":"https:\/\/drum-accessories.com\/en\/wp-json\/wp\/v2\/product"}],"about":[{"href":"https:\/\/drum-accessories.com\/en\/wp-json\/wp\/v2\/types\/product"}],"wp:featuredmedia":[{"embeddable":true,"href":"https:\/\/drum-accessories.com\/en\/wp-json\/wp\/v2\/media\/12082"}],"wp:attachment":[{"href":"https:\/\/drum-accessories.com\/en\/wp-json\/wp\/v2\/media?parent=12081"}],"wp:term":[{"taxonomy":"product_brand","embeddable":true,"href":"https:\/\/drum-accessories.com\/en\/wp-json\/wp\/v2\/product_brand?post=12081"},{"taxonomy":"product_cat","embeddable":true,"href":"https:\/\/drum-accessories.com\/en\/wp-json\/wp\/v2\/product_cat?post=12081"},{"taxonomy":"product_tag","embeddable":true,"href":"https:\/\/drum-accessories.com\/en\/wp-json\/wp\/v2\/product_tag?post=12081"},{"taxonomy":"product_brands","embeddable":true,"href":"https:\/\/drum-accessories.com\/en\/wp-json\/wp\/v2\/product_brands?post=12081"}],"curies":[{"name":"wp","href":"https:\/\/api.w.org\/{rel}","templated":true}]}}