{"id":7252,"date":"2020-05-30T12:31:25","date_gmt":"2020-05-30T12:31:25","guid":{"rendered":"https:\/\/drum-accessories.com\/produits\/asba-revelation-marcel-blanche-premium-sparkle\/"},"modified":"2021-01-22T21:16:27","modified_gmt":"2021-01-22T20:16:27","slug":"asba-revelation-marcel-blanche-premium-sparkle","status":"publish","type":"product","link":"https:\/\/drum-accessories.com\/en\/produit\/asba-revelation-marcel-blanche-premium-sparkle\/","title":{"rendered":"ASBA &#8211; R\u00e9v\u00e9lation Marcel Blanche Premium Sparkle"},"content":{"rendered":"<p>ASBA &#8211; R\u00e9v\u00e9lation Marcel Blanche Premium Sparkle<\/p>\n<p>Careful with your eyes, it&#8217;s so beautiful it takes your breath away! This drum set with an absolutely sublime finish will delight lovers of vintage looks, with this superb rhodo\u00efd sparkle. From sound to finish, it&#8217;s very, very high level with a reference to the classic sounds of the 50s, thanks to its mahogany\/poplar\/mahogany configuration, one of the warmest configurations. Depth and character are more pronounced in the quieter and softer musical settings, while the big round sounds appear with heavy hits. Simply a true drumkit of exception!<\/p>\n<p>Specifications:<\/p>\n<p>24&#8243;x16&#8243;, 12&#8243;x8&#8243;, 16&#8243;x16&#8243;<\/p>\n<p>Mahogany\/poplar\/mahogany shells 3 ply<\/p>\n<p>Rhodo\u00efd premium sparkle<\/p>\n<p>Die cast hoops<\/p>\n<p>Rounded reinforced bearing edges 45\u00b0<\/p>\n<p>Drumhead fit control technology<\/p>\n<p>Chrome Hardware<\/p>\n","protected":false},"excerpt":{"rendered":"<p>ASBA &#8211; R\u00e9v\u00e9lation Marcel Blanche Premium Sparkle Careful with your eyes, it&#8217;s so beautiful it takes your breath away! This drum set with an absolutely sublime finish will delight lovers of vintage looks, with this superb rhodo\u00efd sparkle. From sound to finish, it&#8217;s very, very high level with a reference to the classic sounds of [&hellip;]<\/p>\n","protected":false},"featured_media":7244,"template":"","meta":{"_uag_custom_page_level_css":"","site-sidebar-layout":"default","site-content-layout":"default","ast-site-content-layout":"default","site-content-style":"default","site-sidebar-style":"default","ast-global-header-display":"","ast-banner-title-visibility":"","ast-main-header-display":"","ast-hfb-above-header-display":"","ast-hfb-below-header-display":"","ast-hfb-mobile-header-display":"","site-post-title":"","ast-breadcrumbs-content":"","ast-featured-img":"","footer-sml-layout":"","ast-disable-related-posts":"","theme-transparent-header-meta":"default","adv-header-id-meta":"","stick-header-meta":"","header-above-stick-meta":"","header-main-stick-meta":"","header-below-stick-meta":"","astra-migrate-meta-layouts":"default","ast-page-background-enabled":"default","ast-page-background-meta":{"desktop":{"background-color":"","background-image":"","background-repeat":"repeat","background-position":"center center","background-size":"auto","background-attachment":"scroll","background-type":"","background-media":"","overlay-type":"","overlay-color":"","overlay-opacity":"","overlay-gradient":""},"tablet":{"background-color":"","background-image":"","background-repeat":"repeat","background-position":"center center","background-size":"auto","background-attachment":"scroll","background-type":"","background-media":"","overlay-type":"","overlay-color":"","overlay-opacity":"","overlay-gradient":""},"mobile":{"background-color":"","background-image":"","background-repeat":"repeat","background-position":"center center","background-size":"auto","background-attachment":"scroll","background-type":"","background-media":"","overlay-type":"","overlay-color":"","overlay-opacity":"","overlay-gradient":""}},"ast-content-background-meta":{"desktop":{"background-color":"var(--ast-global-color-5)","background-image":"","background-repeat":"repeat","background-position":"center center","background-size":"auto","background-attachment":"scroll","background-type":"","background-media":"","overlay-type":"","overlay-color":"","overlay-opacity":"","overlay-gradient":""},"tablet":{"background-color":"var(--ast-global-color-5)","background-image":"","background-repeat":"repeat","background-position":"center center","background-size":"auto","background-attachment":"scroll","background-type":"","background-media":"","overlay-type":"","overlay-color":"","overlay-opacity":"","overlay-gradient":""},"mobile":{"background-color":"var(--ast-global-color-5)","background-image":"","background-repeat":"repeat","background-position":"center center","background-size":"auto","background-attachment":"scroll","background-type":"","background-media":"","overlay-type":"","overlay-color":"","overlay-opacity":"","overlay-gradient":""}}},"product_brand":[],"product_cat":[194,122],"product_tag":[],"product_brands":[],"class_list":{"0":"post-7252","1":"product","2":"type-product","3":"status-publish","4":"has-post-thumbnail","6":"product_cat-asba-en","7":"product_cat-drumkits-en","8":"desktop-align-left","9":"tablet-align-left","10":"mobile-align-left","11":"ast-product-gallery-layout-horizontal-slider","12":"ast-product-tabs-layout-horizontal","14":"first","15":"outofstock","16":"shipping-taxable","17":"purchasable","18":"product-type-simple"},"featured_image_urls_v2":{"full":["https:\/\/drum-accessories.com\/wp-content\/uploads\/2020\/05\/IMG_8938-scaled.jpg",2560,1920,false],"thumbnail":["https:\/\/drum-accessories.com\/wp-content\/uploads\/2020\/05\/IMG_8938-scaled.jpg",150,113,false],"medium":["https:\/\/drum-accessories.com\/wp-content\/uploads\/2020\/05\/IMG_8938-scaled.jpg",600,450,false],"medium_large":["https:\/\/drum-accessories.com\/wp-content\/uploads\/2020\/05\/IMG_8938-scaled.jpg",768,576,false],"large":["https:\/\/drum-accessories.com\/wp-content\/uploads\/2020\/05\/IMG_8938-scaled.jpg",1600,1200,false],"1536x1536":["https:\/\/drum-accessories.com\/wp-content\/uploads\/2020\/05\/IMG_8938-scaled.jpg",1536,1152,false],"2048x2048":["https:\/\/drum-accessories.com\/wp-content\/uploads\/2020\/05\/IMG_8938-scaled.jpg",2048,1536,false],"woocommerce_thumbnail":["https:\/\/drum-accessories.com\/wp-content\/uploads\/2020\/05\/IMG_8938-300x400.jpg",300,400,true],"woocommerce_single":["https:\/\/drum-accessories.com\/wp-content\/uploads\/2020\/05\/IMG_8938-465x465.jpg",465,465,true],"woocommerce_gallery_thumbnail":["https:\/\/drum-accessories.com\/wp-content\/uploads\/2020\/05\/IMG_8938-100x100.jpg",100,100,true]},"post_excerpt_stackable_v2":"<p>ASBA &#8211; R\u00e9v\u00e9lation Marcel Blanche Premium Sparkle Careful with your eyes, it&#8217;s so beautiful it takes your breath away! This drum set with an absolutely sublime finish will delight lovers of vintage looks, with this superb rhodo\u00efd sparkle. From sound to finish, it&#8217;s very, very high level with a reference to the classic sounds of the 50s, thanks to its mahogany\/poplar\/mahogany configuration, one of the warmest configurations. Depth and character are more pronounced in the quieter and softer musical settings, while the big round sounds appear with heavy hits. Simply a true drumkit of exception! Specifications: 24&#8243;x16&#8243;, 12&#8243;x8&#8243;, 16&#8243;x16&#8243; Mahogany\/poplar\/mahogany&hellip;<\/p>\n","category_list_v2":"","author_info_v2":{"name":"","url":""},"comments_num_v2":"0 comments","spectra_custom_meta":{"_wpml_word_count":["{\"total\":0,\"to_translate\":{\"en\":148,\"fr\":148}}"],"_backorders":["no"],"_download_limit":["-1"],"_download_expiry":["-1"],"_downloadable":["no"],"_stock_status":["outofstock"],"_sold_individually":["no"],"_tax_class":[""],"_tax_status":["taxable"],"_virtual":["no"],"total_sales":["0"],"_regular_price":["4160"],"_price":["4160"],"_wpml_media_duplicate":["1"],"_wpml_media_featured":["1"],"_thumbnail_id":["7244"],"_last_translation_edit_mode":["translation-editor"],"wcml_sync_hash":["a:1:{s:15:\"postmeta_fields\";s:32:\"82fd3742e43ca9b8de387587f02544b1\";}"],"attr_label_translations":["a:0:{}"],"_product_attributes":["a:0:{}"],"_default_attributes":["a:0:{}"],"_stock":["0.000000"],"_wc_average_rating":[0],"_wc_review_count":["0"],"_product_version":["4.9.1"],"_product_image_gallery":["7246,7248,7250"],"_wpml_media_has_media":["1"],"musicplace_post_views_count":["473"],"views_woo_price":["4160"],"views_woo_on_sale":["0"],"views_woo_in_stock":["1"],"_manage_stock":["yes"],"_wcml_average_rating":[null],"_wcml_review_count":[null],"site-sidebar-layout":["default"],"site-content-layout":["default"],"theme-transparent-header-meta":["default"],"_wds_meta-robots-adv":[","],"_wds_meta-robots-nofollow":[""],"_wds_meta-robots-noindex":[""],"_upsell_ids":["a:0:{}"],"_crosssell_ids":["a:0:{}"],"_children":["a:0:{}"],"_wcml_rating_count":[null],"_uag_page_assets":["a:9:{s:3:\"css\";s:0:\"\";s:2:\"js\";s:0:\"\";s:18:\"current_block_list\";a:0:{}s:8:\"uag_flag\";b:0;s:11:\"uag_version\";s:10:\"1775001372\";s:6:\"gfonts\";a:0:{}s:10:\"gfonts_url\";s:0:\"\";s:12:\"gfonts_files\";a:0:{}s:14:\"uag_faq_layout\";b:0;}"],"_wc_rating_count":[""]},"uagb_featured_image_src":{"full":["https:\/\/drum-accessories.com\/wp-content\/uploads\/2020\/05\/IMG_8938-scaled.jpg",2560,1920,false],"thumbnail":["https:\/\/drum-accessories.com\/wp-content\/uploads\/2020\/05\/IMG_8938-scaled.jpg",150,113,false],"medium":["https:\/\/drum-accessories.com\/wp-content\/uploads\/2020\/05\/IMG_8938-scaled.jpg",600,450,false],"medium_large":["https:\/\/drum-accessories.com\/wp-content\/uploads\/2020\/05\/IMG_8938-scaled.jpg",768,576,false],"large":["https:\/\/drum-accessories.com\/wp-content\/uploads\/2020\/05\/IMG_8938-scaled.jpg",1600,1200,false],"1536x1536":["https:\/\/drum-accessories.com\/wp-content\/uploads\/2020\/05\/IMG_8938-scaled.jpg",1536,1152,false],"2048x2048":["https:\/\/drum-accessories.com\/wp-content\/uploads\/2020\/05\/IMG_8938-scaled.jpg",2048,1536,false],"woocommerce_thumbnail":["https:\/\/drum-accessories.com\/wp-content\/uploads\/2020\/05\/IMG_8938-300x400.jpg",300,400,true],"woocommerce_single":["https:\/\/drum-accessories.com\/wp-content\/uploads\/2020\/05\/IMG_8938-465x465.jpg",465,465,true],"woocommerce_gallery_thumbnail":["https:\/\/drum-accessories.com\/wp-content\/uploads\/2020\/05\/IMG_8938-100x100.jpg",100,100,true]},"uagb_author_info":{"display_name":"Edward","author_link":"https:\/\/drum-accessories.com\/en\/author\/"},"uagb_comment_info":0,"uagb_excerpt":"ASBA &#8211; R\u00e9v\u00e9lation Marcel Blanche Premium Sparkle Careful with your eyes, it&#8217;s so beautiful it takes your breath away! This drum set with an absolutely sublime finish will delight lovers of vintage looks, with this superb rhodo\u00efd sparkle. From sound to finish, it&#8217;s very, very high level with a reference to the classic sounds of&hellip;","_links":{"self":[{"href":"https:\/\/drum-accessories.com\/en\/wp-json\/wp\/v2\/product\/7252","targetHints":{"allow":["GET"]}}],"collection":[{"href":"https:\/\/drum-accessories.com\/en\/wp-json\/wp\/v2\/product"}],"about":[{"href":"https:\/\/drum-accessories.com\/en\/wp-json\/wp\/v2\/types\/product"}],"wp:featuredmedia":[{"embeddable":true,"href":"https:\/\/drum-accessories.com\/en\/wp-json\/wp\/v2\/media\/7244"}],"wp:attachment":[{"href":"https:\/\/drum-accessories.com\/en\/wp-json\/wp\/v2\/media?parent=7252"}],"wp:term":[{"taxonomy":"product_brand","embeddable":true,"href":"https:\/\/drum-accessories.com\/en\/wp-json\/wp\/v2\/product_brand?post=7252"},{"taxonomy":"product_cat","embeddable":true,"href":"https:\/\/drum-accessories.com\/en\/wp-json\/wp\/v2\/product_cat?post=7252"},{"taxonomy":"product_tag","embeddable":true,"href":"https:\/\/drum-accessories.com\/en\/wp-json\/wp\/v2\/product_tag?post=7252"},{"taxonomy":"product_brands","embeddable":true,"href":"https:\/\/drum-accessories.com\/en\/wp-json\/wp\/v2\/product_brands?post=7252"}],"curies":[{"name":"wp","href":"https:\/\/api.w.org\/{rel}","templated":true}]}}